{"id":801,"date":"2025-01-11T10:41:23","date_gmt":"2025-01-11T09:41:23","guid":{"rendered":"https:\/\/jackrussell-dagobah.pl\/?page_id=801"},"modified":"2025-01-12T11:30:31","modified_gmt":"2025-01-12T10:30:31","slug":"o-mnie","status":"publish","type":"page","link":"https:\/\/jackrussell-dagobah.pl\/?page_id=801","title":{"rendered":"O mnie"},"content":{"rendered":"\n<p> \u201emama i \u2026.psia mama \u201d Witaj jestem Dominika. W moim domu zawsze by\u0142 pies\u2026zak\u0142adaj\u0105c w\u0142asn\u0105 rodzin\u0119 nie poprzesta\u0142am na jednym .. wkr\u0119cona w russellomani\u0119 postanowi\u0142am podzieli\u0107 si\u0119 z innymi tym co kocham, co daje mi ogromn\u0105 satysfakcj\u0119 i sk\u0142ania do ci\u0105g\u0142ej pracy nad sob\u0105.<\/p>\n\n\n\n<figure class=\"wp-block-image size-full\"><img loading=\"lazy\" decoding=\"async\" width=\"1024\" height=\"468\" src=\"https:\/\/jackrussell-dagobah.pl\/wp-content\/uploads\/2025\/01\/1000015771.jpg\" alt=\"\" class=\"wp-image-891\" srcset=\"https:\/\/jackrussell-dagobah.pl\/wp-content\/uploads\/2025\/01\/1000015771.jpg 1024w, https:\/\/jackrussell-dagobah.pl\/wp-content\/uploads\/2025\/01\/1000015771-300x137.jpg 300w, https:\/\/jackrussell-dagobah.pl\/wp-content\/uploads\/2025\/01\/1000015771-768x351.jpg 768w\" sizes=\"auto, (max-width: 1024px) 100vw, 1024px\" \/><\/figure>\n\n\n\n<p><\/p>\n","protected":false},"excerpt":{"rendered":"<p>\u201emama i \u2026.psia mama \u201d Witaj jestem Dominika. W moim domu zawsze by\u0142 pies\u2026zak\u0142adaj\u0105c w\u0142asn\u0105 rodzin\u0119 nie poprzesta\u0142am na jednym .. wkr\u0119cona w russellomani\u0119 postanowi\u0142am podzieli\u0107 si\u0119 z innymi tym co kocham, co daje mi ogromn\u0105 satysfakcj\u0119 i sk\u0142ania do ci\u0105g\u0142ej pracy nad sob\u0105.<\/p>\n","protected":false},"author":1,"featured_media":0,"parent":0,"menu_order":0,"comment_status":"closed","ping_status":"closed","template":"","meta":{"footnotes":""},"class_list":["post-801","page","type-page","status-publish","hentry"],"_links":{"self":[{"href":"https:\/\/jackrussell-dagobah.pl\/index.php?rest_route=\/wp\/v2\/pages\/801","targetHints":{"allow":["GET"]}}],"collection":[{"href":"https:\/\/jackrussell-dagobah.pl\/index.php?rest_route=\/wp\/v2\/pages"}],"about":[{"href":"https:\/\/jackrussell-dagobah.pl\/index.php?rest_route=\/wp\/v2\/types\/page"}],"author":[{"embeddable":true,"href":"https:\/\/jackrussell-dagobah.pl\/index.php?rest_route=\/wp\/v2\/users\/1"}],"replies":[{"embeddable":true,"href":"https:\/\/jackrussell-dagobah.pl\/index.php?rest_route=%2Fwp%2Fv2%2Fcomments&post=801"}],"version-history":[{"count":4,"href":"https:\/\/jackrussell-dagobah.pl\/index.php?rest_route=\/wp\/v2\/pages\/801\/revisions"}],"predecessor-version":[{"id":893,"href":"https:\/\/jackrussell-dagobah.pl\/index.php?rest_route=\/wp\/v2\/pages\/801\/revisions\/893"}],"wp:attachment":[{"href":"https:\/\/jackrussell-dagobah.pl\/index.php?rest_route=%2Fwp%2Fv2%2Fmedia&parent=801"}],"curies":[{"name":"wp","href":"https:\/\/api.w.org\/{rel}","templated":true}]}}