{"id":610,"date":"2024-03-26T12:04:00","date_gmt":"2024-03-26T11:04:00","guid":{"rendered":"https:\/\/jackrussell-dagobah.pl\/?page_id=610"},"modified":"2025-01-12T11:45:20","modified_gmt":"2025-01-12T10:45:20","slug":"rezerwacja-szczeniecia","status":"publish","type":"page","link":"https:\/\/jackrussell-dagobah.pl\/?page_id=610","title":{"rendered":"Rezerwacja Szczeni\u0119cia"},"content":{"rendered":"\n<p><\/p>\n\n\n\n<p><\/p>\n\n\n\n<p>Osoby zainteresowane powi\u0119kszeniem rodziny o szczeni\u0119 z  Naszej hodowli zapraszam do kontaktu telefonicznego oraz zach\u0119cam do obserwowania strony internetowej oraz na FB<\/p>\n\n\n\n<p>Z uwagi na du\u017c\u0105 zmienno\u015b\u0107 decyzji w\u015br\u00f3d potencjalnych zainteresowanych nie prowadzimy zapis\u00f3w za \u017cadne listy oczekuj\u0105cych. <\/p>\n\n\n\n<p>Nie pobieramy op\u0142at rezerwacyjnych podczas ci\u0105\u017cy.<\/p>\n\n\n\n<p>Cenimy sobie lojalno\u015b\u0107, uczciwo\u015b\u0107 oraz poszanowanie naszego czasu i pracy jak\u0105 wk\u0142adamy w hodowl\u0119. Rezerwacji dokonujemy nie wcze\u015bniej ni\u017c w 4 tygodniu po urodzeniu szczeni\u0105t. <\/p>\n\n\n\n<p>Zapraszamy na spotkanie  tylko osoby powa\u017cnie zainteresowane szczeni\u0119ciem  z naszej hodowli.<\/p>\n\n\n\n<p>Rezerwacja &#8211; czyli podpisanie umowy wst\u0119pnej okre\u015blaj\u0105cej warunki zakupu oraz wp\u0142ata zadatku na konto hodowcy w terminie do siedmiu dni od podpisania umowy.<\/p>\n\n\n\n<p>Z przysz\u0142ymi opiekunami podpisujemy umow\u0119 kupna-sprzeda\u017cy szczeniaczka w dniu odbioru.<\/p>\n\n\n\n<p><strong>W DNIU ODBIORU NASZE SZCZENI\u0118TA:<\/strong><br>* s\u0105 dwukrotnie  zaszczepione, trzykrotnie odrobaczone oraz posiadaj\u0105 chip, co udokumentowane jest w ksi\u0105\u017ceczce zdrowia, chip rejestrujemy w dniu opuszczenia hodowli na w\u0142a\u015bciciela.<br>* otrzymuj\u0105 metryk\u0119 ZKwP<br>* otrzymuj\u0105 wyprawk\u0119 na start <br><\/p>\n\n\n\n<p>Ka\u017cde szczeni\u0119 otrzymuje metryk\u0119, nie sprzedajemy szczeni\u0105t bez rodowodu.<\/p>\n\n\n\n<figure class=\"wp-block-image size-full\"><img loading=\"lazy\" decoding=\"async\" width=\"960\" height=\"738\" src=\"https:\/\/jackrussell-dagobah.pl\/wp-content\/uploads\/2025\/01\/1000015775.jpg\" alt=\"\" class=\"wp-image-898\" srcset=\"https:\/\/jackrussell-dagobah.pl\/wp-content\/uploads\/2025\/01\/1000015775.jpg 960w, https:\/\/jackrussell-dagobah.pl\/wp-content\/uploads\/2025\/01\/1000015775-300x231.jpg 300w, https:\/\/jackrussell-dagobah.pl\/wp-content\/uploads\/2025\/01\/1000015775-768x590.jpg 768w\" sizes=\"auto, (max-width: 960px) 100vw, 960px\" \/><\/figure>\n","protected":false},"excerpt":{"rendered":"<p>Osoby zainteresowane powi\u0119kszeniem rodziny o szczeni\u0119 z Naszej hodowli zapraszam do kontaktu telefonicznego oraz zach\u0119cam do obserwowania strony internetowej oraz na FB Z uwagi na du\u017c\u0105 zmienno\u015b\u0107 decyzji w\u015br\u00f3d potencjalnych zainteresowanych nie prowadzimy zapis\u00f3w za \u017cadne listy oczekuj\u0105cych. Nie pobieramy op\u0142at rezerwacyjnych podczas ci\u0105\u017cy. Cenimy sobie lojalno\u015b\u0107, uczciwo\u015b\u0107 oraz poszanowanie naszego czasu i pracy jak\u0105 wk\u0142adamy w hodowl\u0119. Rezerwacji dokonujemy nie wcze\u015bniej ni\u017c w 4 tygodniu po urodzeniu szczeni\u0105t. Zapraszamy na spotkanie tylko osoby powa\u017cnie zainteresowane szczeni\u0119ciem z naszej hodowli. Rezerwacja &#8211; czyli podpisanie umowy wst\u0119pnej okre\u015blaj\u0105cej warunki zakupu oraz wp\u0142ata zadatku na konto hodowcy w terminie do siedmiu dni od podpisania umowy. Z przysz\u0142ymi opiekunami podpisujemy umow\u0119 kupna-sprzeda\u017cy szczeniaczka w dniu odbioru. W DNIU ODBIORU NASZE SZCZENI\u0118TA:* s\u0105 dwukrotnie zaszczepione, trzykrotnie odrobaczone oraz posiadaj\u0105 chip, co udokumentowane jest w ksi\u0105\u017ceczce zdrowia, chip rejestrujemy w dniu opuszczenia hodowli na w\u0142a\u015bciciela.* otrzymuj\u0105 metryk\u0119 ZKwP* otrzymuj\u0105 wyprawk\u0119 na start Ka\u017cde szczeni\u0119 otrzymuje metryk\u0119, nie sprzedajemy szczeni\u0105t bez rodowodu.<\/p>\n","protected":false},"author":1,"featured_media":0,"parent":0,"menu_order":0,"comment_status":"closed","ping_status":"closed","template":"","meta":{"footnotes":""},"class_list":["post-610","page","type-page","status-publish","hentry"],"_links":{"self":[{"href":"https:\/\/jackrussell-dagobah.pl\/index.php?rest_route=\/wp\/v2\/pages\/610","targetHints":{"allow":["GET"]}}],"collection":[{"href":"https:\/\/jackrussell-dagobah.pl\/index.php?rest_route=\/wp\/v2\/pages"}],"about":[{"href":"https:\/\/jackrussell-dagobah.pl\/index.php?rest_route=\/wp\/v2\/types\/page"}],"author":[{"embeddable":true,"href":"https:\/\/jackrussell-dagobah.pl\/index.php?rest_route=\/wp\/v2\/users\/1"}],"replies":[{"embeddable":true,"href":"https:\/\/jackrussell-dagobah.pl\/index.php?rest_route=%2Fwp%2Fv2%2Fcomments&post=610"}],"version-history":[{"count":4,"href":"https:\/\/jackrussell-dagobah.pl\/index.php?rest_route=\/wp\/v2\/pages\/610\/revisions"}],"predecessor-version":[{"id":899,"href":"https:\/\/jackrussell-dagobah.pl\/index.php?rest_route=\/wp\/v2\/pages\/610\/revisions\/899"}],"wp:attachment":[{"href":"https:\/\/jackrussell-dagobah.pl\/index.php?rest_route=%2Fwp%2Fv2%2Fmedia&parent=610"}],"curies":[{"name":"wp","href":"https:\/\/api.w.org\/{rel}","templated":true}]}}