{"id":177,"date":"2019-08-17T08:09:55","date_gmt":"2019-08-17T06:09:55","guid":{"rendered":"http:\/\/jackrussell-dagobah.pl\/?page_id=177"},"modified":"2025-09-13T20:33:55","modified_gmt":"2025-09-13T18:33:55","slug":"osiagniecia-wystawowe","status":"publish","type":"page","link":"https:\/\/jackrussell-dagobah.pl\/?page_id=177","title":{"rendered":"Osi\u0105gni\u0119cia wystawowe"},"content":{"rendered":"\n<hr class=\"wp-block-separator has-alpha-channel-opacity\"\/>\n\n\n\n<p><strong>VIVA MARIA Dagobah FCI <\/strong><\/p>\n\n\n\n<p>M\u0142odzie\u017cowy Champion Polski <\/p>\n\n\n\n<figure class=\"wp-block-image size-large\"><img loading=\"lazy\" decoding=\"async\" width=\"1024\" height=\"768\" src=\"https:\/\/jackrussell-dagobah.pl\/wp-content\/uploads\/2025\/09\/1000026212-1024x768.jpg\" alt=\"\" class=\"wp-image-1062\" srcset=\"https:\/\/jackrussell-dagobah.pl\/wp-content\/uploads\/2025\/09\/1000026212-1024x768.jpg 1024w, https:\/\/jackrussell-dagobah.pl\/wp-content\/uploads\/2025\/09\/1000026212-300x225.jpg 300w, https:\/\/jackrussell-dagobah.pl\/wp-content\/uploads\/2025\/09\/1000026212-768x576.jpg 768w, https:\/\/jackrussell-dagobah.pl\/wp-content\/uploads\/2025\/09\/1000026212-1536x1152.jpg 1536w, https:\/\/jackrussell-dagobah.pl\/wp-content\/uploads\/2025\/09\/1000026212-2048x1536.jpg 2048w, https:\/\/jackrussell-dagobah.pl\/wp-content\/uploads\/2025\/09\/1000026212-1140x855.jpg 1140w\" sizes=\"auto, (max-width: 1024px) 100vw, 1024px\" \/><\/figure>\n\n\n\n<figure class=\"wp-block-gallery has-nested-images columns-default is-cropped wp-block-gallery-1 is-layout-flex wp-block-gallery-is-layout-flex\">\n<figure class=\"wp-block-image size-large\"><img loading=\"lazy\" decoding=\"async\" width=\"1024\" height=\"680\" data-id=\"1063\" src=\"https:\/\/jackrussell-dagobah.pl\/wp-content\/uploads\/2025\/09\/1000026162-1-1024x680.jpg\" alt=\"\" class=\"wp-image-1063\" srcset=\"https:\/\/jackrussell-dagobah.pl\/wp-content\/uploads\/2025\/09\/1000026162-1-1024x680.jpg 1024w, https:\/\/jackrussell-dagobah.pl\/wp-content\/uploads\/2025\/09\/1000026162-1-300x199.jpg 300w, https:\/\/jackrussell-dagobah.pl\/wp-content\/uploads\/2025\/09\/1000026162-1-768x510.jpg 768w, https:\/\/jackrussell-dagobah.pl\/wp-content\/uploads\/2025\/09\/1000026162-1-1536x1020.jpg 1536w, https:\/\/jackrussell-dagobah.pl\/wp-content\/uploads\/2025\/09\/1000026162-1-2048x1360.jpg 2048w, https:\/\/jackrussell-dagobah.pl\/wp-content\/uploads\/2025\/09\/1000026162-1-1140x757.jpg 1140w\" sizes=\"auto, (max-width: 1024px) 100vw, 1024px\" \/><\/figure>\n\n\n\n<figure class=\"wp-block-image size-large\"><img loading=\"lazy\" decoding=\"async\" width=\"1024\" height=\"680\" data-id=\"1064\" src=\"https:\/\/jackrussell-dagobah.pl\/wp-content\/uploads\/2025\/09\/1000026164-1024x680.jpg\" alt=\"\" class=\"wp-image-1064\" srcset=\"https:\/\/jackrussell-dagobah.pl\/wp-content\/uploads\/2025\/09\/1000026164-1024x680.jpg 1024w, https:\/\/jackrussell-dagobah.pl\/wp-content\/uploads\/2025\/09\/1000026164-300x199.jpg 300w, https:\/\/jackrussell-dagobah.pl\/wp-content\/uploads\/2025\/09\/1000026164-768x510.jpg 768w, https:\/\/jackrussell-dagobah.pl\/wp-content\/uploads\/2025\/09\/1000026164-1536x1020.jpg 1536w, https:\/\/jackrussell-dagobah.pl\/wp-content\/uploads\/2025\/09\/1000026164-2048x1360.jpg 2048w, https:\/\/jackrussell-dagobah.pl\/wp-content\/uploads\/2025\/09\/1000026164-1140x757.jpg 1140w\" sizes=\"auto, (max-width: 1024px) 100vw, 1024px\" \/><\/figure>\n\n\n\n<figure class=\"wp-block-image size-large\"><img loading=\"lazy\" decoding=\"async\" width=\"1024\" height=\"680\" data-id=\"1065\" src=\"https:\/\/jackrussell-dagobah.pl\/wp-content\/uploads\/2025\/09\/1000026169-1024x680.jpg\" alt=\"\" class=\"wp-image-1065\" srcset=\"https:\/\/jackrussell-dagobah.pl\/wp-content\/uploads\/2025\/09\/1000026169-1024x680.jpg 1024w, https:\/\/jackrussell-dagobah.pl\/wp-content\/uploads\/2025\/09\/1000026169-300x199.jpg 300w, https:\/\/jackrussell-dagobah.pl\/wp-content\/uploads\/2025\/09\/1000026169-768x510.jpg 768w, https:\/\/jackrussell-dagobah.pl\/wp-content\/uploads\/2025\/09\/1000026169-1536x1020.jpg 1536w, https:\/\/jackrussell-dagobah.pl\/wp-content\/uploads\/2025\/09\/1000026169-2048x1360.jpg 2048w, https:\/\/jackrussell-dagobah.pl\/wp-content\/uploads\/2025\/09\/1000026169-1140x757.jpg 1140w\" sizes=\"auto, (max-width: 1024px) 100vw, 1024px\" \/><\/figure>\n<\/figure>\n\n\n\n<hr class=\"wp-block-separator has-alpha-channel-opacity\"\/>\n\n\n\n<p>NANA BANA Dagobah FCI <\/p>\n\n\n\n<p>\ud83c\udfc6M\u0142odzie\u017cowy Champion Polski <\/p>\n\n\n\n<p>\ud83c\udfc6Champion Polski <\/p>\n\n\n\n<figure class=\"wp-block-gallery has-nested-images columns-default is-cropped wp-block-gallery-2 is-layout-flex wp-block-gallery-is-layout-flex\">\n<figure class=\"wp-block-image size-large\"><img loading=\"lazy\" decoding=\"async\" width=\"1024\" height=\"768\" data-id=\"1019\" src=\"https:\/\/jackrussell-dagobah.pl\/wp-content\/uploads\/2025\/08\/IMG-20250720-WA0029-1024x768.jpg\" alt=\"\" class=\"wp-image-1019\" srcset=\"https:\/\/jackrussell-dagobah.pl\/wp-content\/uploads\/2025\/08\/IMG-20250720-WA0029-1024x768.jpg 1024w, https:\/\/jackrussell-dagobah.pl\/wp-content\/uploads\/2025\/08\/IMG-20250720-WA0029-300x225.jpg 300w, https:\/\/jackrussell-dagobah.pl\/wp-content\/uploads\/2025\/08\/IMG-20250720-WA0029-768x576.jpg 768w, https:\/\/jackrussell-dagobah.pl\/wp-content\/uploads\/2025\/08\/IMG-20250720-WA0029-1536x1152.jpg 1536w, https:\/\/jackrussell-dagobah.pl\/wp-content\/uploads\/2025\/08\/IMG-20250720-WA0029-1140x855.jpg 1140w, https:\/\/jackrussell-dagobah.pl\/wp-content\/uploads\/2025\/08\/IMG-20250720-WA0029.jpg 1600w\" sizes=\"auto, (max-width: 1024px) 100vw, 1024px\" \/><\/figure>\n<\/figure>\n\n\n\n<p><\/p>\n\n\n\n<p><\/p>\n\n\n\n<p><\/p>\n\n\n\n<p><strong>FUNNY BUNNY BOHEMIAN TOUCH<\/strong><\/p>\n\n\n\n<p>\ud83c\udfc6 M\u0142odzie\u017cowy Champion Polski <\/p>\n\n\n\n<p>\ud83c\udfc6 M\u0142odzie\u017cowy Champion Litwy<\/p>\n\n\n\n<p>\ud83c\udfc6 Champion Polski<\/p>\n\n\n\n<p>\ud83c\udfc6Grand Champion Polski <\/p>\n\n\n\n<p>\ud83c\udfc6 M\u0142odzie\u017cowy Zwyci\u0119zca Klubu Terriera <\/p>\n\n\n\n<p>\ud83c\udfc6 Zwyci\u0119zca Klubu Terriera <\/p>\n\n\n\n<p>\ud83c\udfc6 Champion Weteran\u00f3w <\/p>\n\n\n\n<p>\ud83c\udfc6 Zwyci\u0119zca Polski Weteran\u00f3w <\/p>\n\n\n\n<p>\ud83c\udfc6 Zwyci\u0119zca Klubu Weteran<\/p>\n\n\n\n<figure class=\"wp-block-gallery has-nested-images columns-default is-cropped wp-block-gallery-3 is-layout-flex wp-block-gallery-is-layout-flex\">\n<figure class=\"wp-block-image size-large\"><img loading=\"lazy\" decoding=\"async\" width=\"710\" height=\"1024\" data-id=\"971\" src=\"https:\/\/jackrussell-dagobah.pl\/wp-content\/uploads\/2025\/01\/1000015856-710x1024.jpg\" alt=\"\" class=\"wp-image-971\" srcset=\"https:\/\/jackrussell-dagobah.pl\/wp-content\/uploads\/2025\/01\/1000015856-710x1024.jpg 710w, https:\/\/jackrussell-dagobah.pl\/wp-content\/uploads\/2025\/01\/1000015856-208x300.jpg 208w, https:\/\/jackrussell-dagobah.pl\/wp-content\/uploads\/2025\/01\/1000015856-768x1107.jpg 768w, https:\/\/jackrussell-dagobah.pl\/wp-content\/uploads\/2025\/01\/1000015856-1065x1536.jpg 1065w, https:\/\/jackrussell-dagobah.pl\/wp-content\/uploads\/2025\/01\/1000015856.jpg 1080w\" sizes=\"auto, (max-width: 710px) 100vw, 710px\" \/><\/figure>\n\n\n\n<figure class=\"wp-block-image size-large\"><img loading=\"lazy\" decoding=\"async\" width=\"768\" height=\"1024\" data-id=\"972\" src=\"https:\/\/jackrussell-dagobah.pl\/wp-content\/uploads\/2025\/01\/1000015859-768x1024.jpg\" alt=\"\" class=\"wp-image-972\" srcset=\"https:\/\/jackrussell-dagobah.pl\/wp-content\/uploads\/2025\/01\/1000015859-768x1024.jpg 768w, https:\/\/jackrussell-dagobah.pl\/wp-content\/uploads\/2025\/01\/1000015859-225x300.jpg 225w, https:\/\/jackrussell-dagobah.pl\/wp-content\/uploads\/2025\/01\/1000015859.jpg 1080w\" sizes=\"auto, (max-width: 768px) 100vw, 768px\" \/><\/figure>\n\n\n\n<figure class=\"wp-block-image size-large\"><img loading=\"lazy\" decoding=\"async\" width=\"960\" height=\"720\" data-id=\"973\" src=\"https:\/\/jackrussell-dagobah.pl\/wp-content\/uploads\/2025\/01\/1000015858.jpg\" alt=\"\" class=\"wp-image-973\" srcset=\"https:\/\/jackrussell-dagobah.pl\/wp-content\/uploads\/2025\/01\/1000015858.jpg 960w, https:\/\/jackrussell-dagobah.pl\/wp-content\/uploads\/2025\/01\/1000015858-300x225.jpg 300w, https:\/\/jackrussell-dagobah.pl\/wp-content\/uploads\/2025\/01\/1000015858-768x576.jpg 768w\" sizes=\"auto, (max-width: 960px) 100vw, 960px\" \/><\/figure>\n\n\n\n<figure class=\"wp-block-image size-large\"><img loading=\"lazy\" decoding=\"async\" width=\"1024\" height=\"925\" data-id=\"974\" src=\"https:\/\/jackrussell-dagobah.pl\/wp-content\/uploads\/2025\/01\/1000015855-1024x925.jpg\" alt=\"\" class=\"wp-image-974\" srcset=\"https:\/\/jackrussell-dagobah.pl\/wp-content\/uploads\/2025\/01\/1000015855-1024x925.jpg 1024w, https:\/\/jackrussell-dagobah.pl\/wp-content\/uploads\/2025\/01\/1000015855-300x271.jpg 300w, https:\/\/jackrussell-dagobah.pl\/wp-content\/uploads\/2025\/01\/1000015855-768x694.jpg 768w, https:\/\/jackrussell-dagobah.pl\/wp-content\/uploads\/2025\/01\/1000015855.jpg 1080w\" sizes=\"auto, (max-width: 1024px) 100vw, 1024px\" \/><\/figure>\n\n\n\n<figure class=\"wp-block-image size-large\"><img loading=\"lazy\" decoding=\"async\" width=\"803\" height=\"1024\" data-id=\"975\" src=\"https:\/\/jackrussell-dagobah.pl\/wp-content\/uploads\/2025\/01\/1000015857-803x1024.jpg\" alt=\"\" class=\"wp-image-975\" srcset=\"https:\/\/jackrussell-dagobah.pl\/wp-content\/uploads\/2025\/01\/1000015857-803x1024.jpg 803w, https:\/\/jackrussell-dagobah.pl\/wp-content\/uploads\/2025\/01\/1000015857-235x300.jpg 235w, https:\/\/jackrussell-dagobah.pl\/wp-content\/uploads\/2025\/01\/1000015857-768x980.jpg 768w, https:\/\/jackrussell-dagobah.pl\/wp-content\/uploads\/2025\/01\/1000015857.jpg 1080w\" sizes=\"auto, (max-width: 803px) 100vw, 803px\" \/><\/figure>\n<\/figure>\n\n\n\n<p><\/p>\n\n\n\n<p><\/p>\n\n\n\n<hr class=\"wp-block-separator has-alpha-channel-opacity\"\/>\n\n\n\n<p><strong>FUNNY MOMENT Dagobah FCI<\/strong> <\/p>\n\n\n\n<p>\ud83c\udfc6 M\u0142odzie\u017cowy Champion Polski <\/p>\n\n\n\n<p>\ud83c\udfc6 Champion Polski <\/p>\n\n\n\n<p>\ud83c\udfc5Grand Champion Polski<\/p>\n\n\n\n<figure class=\"wp-block-gallery has-nested-images columns-default is-cropped wp-block-gallery-4 is-layout-flex wp-block-gallery-is-layout-flex\">\n<figure class=\"wp-block-image size-large\"><img loading=\"lazy\" decoding=\"async\" width=\"1024\" height=\"768\" data-id=\"966\" src=\"https:\/\/jackrussell-dagobah.pl\/wp-content\/uploads\/2025\/01\/1000015848-1024x768.jpg\" alt=\"\" class=\"wp-image-966\" srcset=\"https:\/\/jackrussell-dagobah.pl\/wp-content\/uploads\/2025\/01\/1000015848-1024x768.jpg 1024w, https:\/\/jackrussell-dagobah.pl\/wp-content\/uploads\/2025\/01\/1000015848-300x225.jpg 300w, https:\/\/jackrussell-dagobah.pl\/wp-content\/uploads\/2025\/01\/1000015848-768x576.jpg 768w, https:\/\/jackrussell-dagobah.pl\/wp-content\/uploads\/2025\/01\/1000015848.jpg 1080w\" sizes=\"auto, (max-width: 1024px) 100vw, 1024px\" \/><\/figure>\n\n\n\n<figure class=\"wp-block-image size-large\"><img loading=\"lazy\" decoding=\"async\" width=\"960\" height=\"686\" data-id=\"968\" src=\"https:\/\/jackrussell-dagobah.pl\/wp-content\/uploads\/2025\/01\/1000015851.jpg\" alt=\"\" class=\"wp-image-968\" srcset=\"https:\/\/jackrussell-dagobah.pl\/wp-content\/uploads\/2025\/01\/1000015851.jpg 960w, https:\/\/jackrussell-dagobah.pl\/wp-content\/uploads\/2025\/01\/1000015851-300x214.jpg 300w, https:\/\/jackrussell-dagobah.pl\/wp-content\/uploads\/2025\/01\/1000015851-768x549.jpg 768w\" sizes=\"auto, (max-width: 960px) 100vw, 960px\" \/><\/figure>\n\n\n\n<figure class=\"wp-block-image size-large\"><img loading=\"lazy\" decoding=\"async\" width=\"960\" height=\"686\" data-id=\"969\" src=\"https:\/\/jackrussell-dagobah.pl\/wp-content\/uploads\/2025\/01\/1000015852.jpg\" alt=\"\" class=\"wp-image-969\" srcset=\"https:\/\/jackrussell-dagobah.pl\/wp-content\/uploads\/2025\/01\/1000015852.jpg 960w, https:\/\/jackrussell-dagobah.pl\/wp-content\/uploads\/2025\/01\/1000015852-300x214.jpg 300w, https:\/\/jackrussell-dagobah.pl\/wp-content\/uploads\/2025\/01\/1000015852-768x549.jpg 768w\" sizes=\"auto, (max-width: 960px) 100vw, 960px\" \/><\/figure>\n\n\n\n<figure class=\"wp-block-image size-large\"><img loading=\"lazy\" decoding=\"async\" width=\"1024\" height=\"684\" data-id=\"967\" src=\"https:\/\/jackrussell-dagobah.pl\/wp-content\/uploads\/2025\/01\/1000015849-1024x684.jpg\" alt=\"\" class=\"wp-image-967\" srcset=\"https:\/\/jackrussell-dagobah.pl\/wp-content\/uploads\/2025\/01\/1000015849-1024x684.jpg 1024w, https:\/\/jackrussell-dagobah.pl\/wp-content\/uploads\/2025\/01\/1000015849-300x200.jpg 300w, https:\/\/jackrussell-dagobah.pl\/wp-content\/uploads\/2025\/01\/1000015849-768x513.jpg 768w, https:\/\/jackrussell-dagobah.pl\/wp-content\/uploads\/2025\/01\/1000015849.jpg 1080w\" sizes=\"auto, (max-width: 1024px) 100vw, 1024px\" \/><\/figure>\n\n\n\n<figure class=\"wp-block-image size-large\"><img loading=\"lazy\" decoding=\"async\" width=\"1024\" height=\"768\" data-id=\"970\" src=\"https:\/\/jackrussell-dagobah.pl\/wp-content\/uploads\/2025\/01\/1000015850.jpg\" alt=\"\" class=\"wp-image-970\" srcset=\"https:\/\/jackrussell-dagobah.pl\/wp-content\/uploads\/2025\/01\/1000015850.jpg 1024w, https:\/\/jackrussell-dagobah.pl\/wp-content\/uploads\/2025\/01\/1000015850-300x225.jpg 300w, https:\/\/jackrussell-dagobah.pl\/wp-content\/uploads\/2025\/01\/1000015850-768x576.jpg 768w\" sizes=\"auto, (max-width: 1024px) 100vw, 1024px\" \/><\/figure>\n<\/figure>\n\n\n\n<p><\/p>\n\n\n\n<hr class=\"wp-block-separator has-alpha-channel-opacity\"\/>\n\n\n\n<hr class=\"wp-block-separator has-alpha-channel-opacity\"\/>\n\n\n\n<p><strong>HERA Dagobah FCI<\/strong> <\/p>\n\n\n\n<p>\ud83c\udfc6 Champion Polski <\/p>\n\n\n\n<p>\ud83c\udfc6 Grand Champion Polski <\/p>\n\n\n\n<figure class=\"wp-block-gallery has-nested-images columns-default is-cropped wp-block-gallery-5 is-layout-flex wp-block-gallery-is-layout-flex\">\n<figure class=\"wp-block-image size-large\"><img loading=\"lazy\" decoding=\"async\" width=\"683\" height=\"1024\" data-id=\"965\" src=\"https:\/\/jackrussell-dagobah.pl\/wp-content\/uploads\/2025\/01\/1000015847-683x1024.jpg\" alt=\"\" class=\"wp-image-965\" srcset=\"https:\/\/jackrussell-dagobah.pl\/wp-content\/uploads\/2025\/01\/1000015847-683x1024.jpg 683w, https:\/\/jackrussell-dagobah.pl\/wp-content\/uploads\/2025\/01\/1000015847-200x300.jpg 200w, https:\/\/jackrussell-dagobah.pl\/wp-content\/uploads\/2025\/01\/1000015847-768x1151.jpg 768w, https:\/\/jackrussell-dagobah.pl\/wp-content\/uploads\/2025\/01\/1000015847-1025x1536.jpg 1025w, https:\/\/jackrussell-dagobah.pl\/wp-content\/uploads\/2025\/01\/1000015847.jpg 1080w\" sizes=\"auto, (max-width: 683px) 100vw, 683px\" \/><\/figure>\n<\/figure>\n\n\n\n<p><\/p>\n\n\n\n<p><\/p>\n\n\n\n<p><\/p>\n\n\n\n<hr class=\"wp-block-separator has-alpha-channel-opacity\"\/>\n\n\n\n<p><strong>GABRIELLE WIGGLE WIGGLE JACK<\/strong> <\/p>\n\n\n\n<p>\ud83c\udfc6 M\u0142odzie\u017cowy Champion Polski <\/p>\n\n\n\n<p>\ud83c\udfc5 Champion  Polski <\/p>\n\n\n\n<figure class=\"wp-block-gallery has-nested-images columns-default is-cropped wp-block-gallery-6 is-layout-flex wp-block-gallery-is-layout-flex\">\n<figure class=\"wp-block-image size-large\"><img loading=\"lazy\" decoding=\"async\" width=\"768\" height=\"1024\" data-id=\"963\" src=\"https:\/\/jackrussell-dagobah.pl\/wp-content\/uploads\/2025\/01\/1000015845.jpg\" alt=\"\" class=\"wp-image-963\" srcset=\"https:\/\/jackrussell-dagobah.pl\/wp-content\/uploads\/2025\/01\/1000015845.jpg 768w, https:\/\/jackrussell-dagobah.pl\/wp-content\/uploads\/2025\/01\/1000015845-225x300.jpg 225w\" sizes=\"auto, (max-width: 768px) 100vw, 768px\" \/><\/figure>\n\n\n\n<figure class=\"wp-block-image size-large\"><img loading=\"lazy\" decoding=\"async\" width=\"1024\" height=\"680\" data-id=\"962\" src=\"https:\/\/jackrussell-dagobah.pl\/wp-content\/uploads\/2025\/01\/1000015846-1024x680.jpg\" alt=\"\" class=\"wp-image-962\" srcset=\"https:\/\/jackrussell-dagobah.pl\/wp-content\/uploads\/2025\/01\/1000015846-1024x680.jpg 1024w, https:\/\/jackrussell-dagobah.pl\/wp-content\/uploads\/2025\/01\/1000015846-300x199.jpg 300w, https:\/\/jackrussell-dagobah.pl\/wp-content\/uploads\/2025\/01\/1000015846-768x510.jpg 768w, https:\/\/jackrussell-dagobah.pl\/wp-content\/uploads\/2025\/01\/1000015846.jpg 1080w\" sizes=\"auto, (max-width: 1024px) 100vw, 1024px\" \/><\/figure>\n<\/figure>\n\n\n\n<figure class=\"wp-block-gallery has-nested-images columns-default is-cropped wp-block-gallery-7 is-layout-flex wp-block-gallery-is-layout-flex\">\n<figure class=\"wp-block-image size-large\"><img loading=\"lazy\" decoding=\"async\" width=\"1024\" height=\"683\" data-id=\"1014\" src=\"https:\/\/jackrussell-dagobah.pl\/wp-content\/uploads\/2025\/07\/1000023766-1024x683.jpg\" alt=\"\" class=\"wp-image-1014\" srcset=\"https:\/\/jackrussell-dagobah.pl\/wp-content\/uploads\/2025\/07\/1000023766-1024x683.jpg 1024w, https:\/\/jackrussell-dagobah.pl\/wp-content\/uploads\/2025\/07\/1000023766-300x200.jpg 300w, https:\/\/jackrussell-dagobah.pl\/wp-content\/uploads\/2025\/07\/1000023766-768x512.jpg 768w, https:\/\/jackrussell-dagobah.pl\/wp-content\/uploads\/2025\/07\/1000023766-1536x1025.jpg 1536w, https:\/\/jackrussell-dagobah.pl\/wp-content\/uploads\/2025\/07\/1000023766-1140x760.jpg 1140w, https:\/\/jackrussell-dagobah.pl\/wp-content\/uploads\/2025\/07\/1000023766.jpg 2048w\" sizes=\"auto, (max-width: 1024px) 100vw, 1024px\" \/><\/figure>\n<\/figure>\n\n\n\n<hr class=\"wp-block-separator has-alpha-channel-opacity\"\/>\n\n\n\n<p><\/p>\n\n\n\n<p>W 2023 i 2024 roku mia\u0142am niebywa\u0142\u0105 przyjemno\u015b\u0107 pokazywa\u0107 w ringach wystawowych pi\u0119kna sunie pochodz\u0105ca z Naszej hodowli<\/p>\n\n\n\n<p><strong>PERSEFONA Dagobah FCI<\/strong> <\/p>\n\n\n\n<p>to c\u00f3rka naszej FUNNY MOMENT Dagobah FCI &amp; RARE DIAMOND Cookie Land<\/p>\n\n\n\n<p><\/p>\n\n\n\n<p>Persefona pokazuje si\u0119 przepi\u0119knie. To suka o doskona\u0142ej anatomii \u015bwietnym charakterze. wsp\u00f3\u0142praca z ni\u0105 to czysta przyjemno\u015b\u0107. <\/p>\n\n\n\n<p>Wsp\u00f3lnie z Persa i jej w\u0142a\u015bcicielami wybiegali\u015bmy tytu\u0142y <\/p>\n\n\n\n<p>\ud83c\udfc6 M\u0142odzie\u017cowy Champion Polski <\/p>\n\n\n\n<p>\ud83c\udfc6Champion Polski <\/p>\n\n\n\n<figure class=\"wp-block-gallery has-nested-images columns-default is-cropped wp-block-gallery-8 is-layout-flex wp-block-gallery-is-layout-flex\">\n<figure class=\"wp-block-image size-large\"><img loading=\"lazy\" decoding=\"async\" width=\"1024\" height=\"683\" data-id=\"959\" src=\"https:\/\/jackrussell-dagobah.pl\/wp-content\/uploads\/2025\/01\/1000015843-1024x683.jpg\" alt=\"\" class=\"wp-image-959\" srcset=\"https:\/\/jackrussell-dagobah.pl\/wp-content\/uploads\/2025\/01\/1000015843-1024x683.jpg 1024w, https:\/\/jackrussell-dagobah.pl\/wp-content\/uploads\/2025\/01\/1000015843-300x200.jpg 300w, https:\/\/jackrussell-dagobah.pl\/wp-content\/uploads\/2025\/01\/1000015843-768x512.jpg 768w, https:\/\/jackrussell-dagobah.pl\/wp-content\/uploads\/2025\/01\/1000015843-1536x1025.jpg 1536w, https:\/\/jackrussell-dagobah.pl\/wp-content\/uploads\/2025\/01\/1000015843-1140x760.jpg 1140w, https:\/\/jackrussell-dagobah.pl\/wp-content\/uploads\/2025\/01\/1000015843.jpg 2048w\" sizes=\"auto, (max-width: 1024px) 100vw, 1024px\" \/><\/figure>\n\n\n\n<figure class=\"wp-block-image size-large\"><img loading=\"lazy\" decoding=\"async\" width=\"1024\" height=\"768\" data-id=\"960\" src=\"https:\/\/jackrussell-dagobah.pl\/wp-content\/uploads\/2025\/01\/1000015844-1024x768.jpg\" alt=\"\" class=\"wp-image-960\" srcset=\"https:\/\/jackrussell-dagobah.pl\/wp-content\/uploads\/2025\/01\/1000015844-1024x768.jpg 1024w, https:\/\/jackrussell-dagobah.pl\/wp-content\/uploads\/2025\/01\/1000015844-300x225.jpg 300w, https:\/\/jackrussell-dagobah.pl\/wp-content\/uploads\/2025\/01\/1000015844-768x576.jpg 768w, https:\/\/jackrussell-dagobah.pl\/wp-content\/uploads\/2025\/01\/1000015844.jpg 1080w\" sizes=\"auto, (max-width: 1024px) 100vw, 1024px\" \/><\/figure>\n<\/figure>\n\n\n\n<hr class=\"wp-block-separator has-alpha-channel-opacity\"\/>\n\n\n\n<p><\/p>\n\n\n\n<p><strong><span class=\"has-inline-color has-vivid-red-color\"> <\/span><\/strong><\/p>\n\n\n\n<p><\/p>\n\n\n\n<p><\/p>\n\n\n\n<figure class=\"wp-block-gallery has-nested-images columns-default is-cropped wp-block-gallery-9 is-layout-flex wp-block-gallery-is-layout-flex\"><\/figure>\n\n\n\n<p><\/p>\n","protected":false},"excerpt":{"rendered":"<p>VIVA MARIA Dagobah FCI M\u0142odzie\u017cowy Champion Polski NANA BANA Dagobah FCI \ud83c\udfc6M\u0142odzie\u017cowy Champion Polski \ud83c\udfc6Champion Polski FUNNY BUNNY BOHEMIAN TOUCH \ud83c\udfc6 M\u0142odzie\u017cowy Champion Polski \ud83c\udfc6 M\u0142odzie\u017cowy Champion Litwy \ud83c\udfc6 Champion Polski \ud83c\udfc6Grand Champion Polski \ud83c\udfc6 M\u0142odzie\u017cowy Zwyci\u0119zca Klubu Terriera \ud83c\udfc6 Zwyci\u0119zca Klubu Terriera \ud83c\udfc6 Champion Weteran\u00f3w \ud83c\udfc6 Zwyci\u0119zca Polski Weteran\u00f3w \ud83c\udfc6 Zwyci\u0119zca Klubu Weteran FUNNY MOMENT Dagobah FCI \ud83c\udfc6 M\u0142odzie\u017cowy Champion Polski \ud83c\udfc6 Champion Polski \ud83c\udfc5Grand Champion Polski HERA Dagobah FCI \ud83c\udfc6 Champion Polski \ud83c\udfc6 Grand Champion Polski GABRIELLE WIGGLE WIGGLE JACK \ud83c\udfc6 M\u0142odzie\u017cowy Champion Polski \ud83c\udfc5 Champion Polski W 2023 i 2024 roku mia\u0142am niebywa\u0142\u0105 przyjemno\u015b\u0107 pokazywa\u0107 w ringach wystawowych pi\u0119kna sunie pochodz\u0105ca z Naszej hodowli PERSEFONA Dagobah FCI to c\u00f3rka naszej FUNNY MOMENT Dagobah FCI &amp; RARE DIAMOND Cookie Land Persefona pokazuje si\u0119 przepi\u0119knie. To suka o doskona\u0142ej anatomii \u015bwietnym charakterze. wsp\u00f3\u0142praca z ni\u0105 to czysta przyjemno\u015b\u0107. Wsp\u00f3lnie z Persa i jej w\u0142a\u015bcicielami wybiegali\u015bmy tytu\u0142y \ud83c\udfc6 M\u0142odzie\u017cowy Champion Polski \ud83c\udfc6Champion Polski<\/p>\n","protected":false},"author":1,"featured_media":0,"parent":0,"menu_order":0,"comment_status":"closed","ping_status":"closed","template":"","meta":{"footnotes":""},"class_list":["post-177","page","type-page","status-publish","hentry"],"_links":{"self":[{"href":"https:\/\/jackrussell-dagobah.pl\/index.php?rest_route=\/wp\/v2\/pages\/177","targetHints":{"allow":["GET"]}}],"collection":[{"href":"https:\/\/jackrussell-dagobah.pl\/index.php?rest_route=\/wp\/v2\/pages"}],"about":[{"href":"https:\/\/jackrussell-dagobah.pl\/index.php?rest_route=\/wp\/v2\/types\/page"}],"author":[{"embeddable":true,"href":"https:\/\/jackrussell-dagobah.pl\/index.php?rest_route=\/wp\/v2\/users\/1"}],"replies":[{"embeddable":true,"href":"https:\/\/jackrussell-dagobah.pl\/index.php?rest_route=%2Fwp%2Fv2%2Fcomments&post=177"}],"version-history":[{"count":19,"href":"https:\/\/jackrussell-dagobah.pl\/index.php?rest_route=\/wp\/v2\/pages\/177\/revisions"}],"predecessor-version":[{"id":1067,"href":"https:\/\/jackrussell-dagobah.pl\/index.php?rest_route=\/wp\/v2\/pages\/177\/revisions\/1067"}],"wp:attachment":[{"href":"https:\/\/jackrussell-dagobah.pl\/index.php?rest_route=%2Fwp%2Fv2%2Fmedia&parent=177"}],"curies":[{"name":"wp","href":"https:\/\/api.w.org\/{rel}","templated":true}]}}