{"id":140,"date":"2019-08-17T07:46:14","date_gmt":"2019-08-17T05:46:14","guid":{"rendered":"http:\/\/jackrussell-dagobah.pl\/?page_id=140"},"modified":"2025-01-11T18:03:38","modified_gmt":"2025-01-11T17:03:38","slug":"wzorzec","status":"publish","type":"page","link":"https:\/\/jackrussell-dagobah.pl\/?page_id=140","title":{"rendered":"Wzorzec rasy"},"content":{"rendered":"\n<p><\/p>\n\n\n\n<p>Wzorzec FCI nr 345 \/5.12.2012\/F\/D\/GB <\/p>\n\n\n\n<p>JACK RUSSELL TERRIER <\/p>\n\n\n\n<p>Pochodzenie: Wielka Brytania <\/p>\n\n\n\n<p>Kraj utworzenia rasy: Australia <\/p>\n\n\n\n<p>Data publikacji obowi\u0105zuj\u0105cego wzorca: 08.10.2012<\/p>\n\n\n\n<p> U\u017cytkowo\u015b\u0107: terier pracuj\u0105cy, nadaj\u0105cy si\u0119 do norowania. Doskona\u0142y jako pies do towarzystwa. <\/p>\n\n\n\n<p>Klasyfikacja FCI: grupa 3 teriery sekcja 2 teriery ma\u0142e <\/p>\n\n\n\n<p>Pr\u00f3by pracy uznaniowe<\/p>\n\n\n\n<p> KR\u00d3TKI RYS HISTORYCZNY: Jack Russell teriery wywodz\u0105 si\u0119 z Anglii. Rasa powsta\u0142a dzi\u0119ki zabiegom czcigodnego Johna Russell. W XIX wieku hodowa\u0142 on i udoskonala\u0142 lini\u0119 foksterier\u00f3w, kt\u00f3re na polowaniach bieg\u0142y obok foxhound\u00f3w, wchodzi\u0142y pod ziemi\u0119, wyp\u0119dza\u0142y lisy i inn\u0105 zwierzyn\u0119 z ich nor lub kryj\u00f3wek. Powsta\u0142y dwie odmiany ps\u00f3w o zasadniczo podobnym wzorcu z wyj\u0105tkiem pewnych r\u00f3\u017cnic dotycz\u0105cych wzrostu i proporcji og\u00f3lnych. Wy\u017cszy pies, o obrysie zbli\u017conym do kwadratu jest znany obecnie jako Parson Russell Terrier, za\u015b mniejszy o nieco wyd\u0142u\u017conej sylwetce nazwany zosta\u0142 Jack Russell terierem. <\/p>\n\n\n\n<p>WRA\u017bENIE OG\u00d3LNE: <\/p>\n\n\n\n<p>Mocny, energiczny i zwinny terier o silnej osobowo\u015bci. Jego gibkie cia\u0142o jest \u015bredniej d\u0142ugo\u015bci. Wyraz zapa\u0142u, w\u0142a\u015bciwa mu gorliwo\u015b\u0107 \u0142\u0105cz\u0105 si\u0119 z bystro\u015bci\u0105 jego ruch\u00f3w. Ogon mo\u017ce by\u0107 przycinany, lub nie. Sier\u015b\u0107 g\u0142adka, szorstka lub drutowata.<\/p>\n\n\n\n<p> WA\u017bNE PROPORCJE: \u2013 og\u00f3lnie pies jest d\u0142u\u017cszy ni\u017c wy\u017cszy; \u2013 g\u0142\u0119boko\u015b\u0107 klatki piersiowej mierzona od k\u0142\u0119bu do mostka jest r\u00f3wna d\u0142ugo\u015bci ko\u0144czyn przednich, od \u0142okci do ziemi; \u2013 obw\u00f3d klatki piersiowej chwyconej za \u0142okciami ma wynosi\u0107 ok. 40 \u2013 43 cm. CHARAKTER: Terier o \u017cywym usposobieniu, czujny, ruchliwy, inteligentny, pe\u0142en temperamentu. Odwa\u017cny, nieustraszony, przyjazny przy spokojnej pewno\u015bci siebie. G\u0141OWA: M\u00f3zgoczaszka powinna by\u0107 p\u0142aska, umiarkowanej szeroko\u015bci, stopniowo zw\u0119\u017caj\u0105ca si\u0119 ku oczom, a nast\u0119pnie ku kufie o dobrej obj\u0119to\u015bci. Stop: dobrze zaznaczony, ale nie za wydatny. Trzewioczaszka: Trufla nosowa czarna. <\/p>\n\n\n\n<p>Kufa: mierzona od nosa do stopu powinna by\u0107 nieco kr\u00f3tsza ni\u017c m\u00f3zgoczaszka (odleg\u0142o\u015b\u0107 od stopu do guza potylicznego). <\/p>\n\n\n\n<p>Wargi dobrze przylegaj\u0105ce o czarnej pigmentacji. <\/p>\n\n\n\n<p>Uz\u0119bienie: szcz\u0119ka i \u017cuchwa bardzo mocne, g\u0142\u0119bokie, szerokie o du\u017cej sile chwytu. <\/p>\n\n\n\n<p>Z\u0119by mocne. <\/p>\n\n\n\n<p>Zgryz no\u017cycowy.<\/p>\n\n\n\n<p> Oczy ma\u0142e, kszta\u0142tu migda\u0142a o bystrym, przeszywaj\u0105cym spojrzeniu. NIE MOG\u0104 BY\u0106 wy\u0142upiaste, powieki maj\u0105 \u015bci\u015ble przylega\u0107 do ga\u0142ki ocznej. Ich brzegi s\u0105 czarno pigmentowane. <\/p>\n\n\n\n<p>Uszy bardzo ruchliwe, j\u0119drne, guzikowate lub opadaj\u0105ce. <\/p>\n\n\n\n<p>Policzki o dobrze zaznaczonej muskulaturze. SZYJA: Silna o czystym obrysie. Umo\u017cliwia swobodne noszenie g\u0142owy. <\/p>\n\n\n\n<p>TU\u0141\u00d3W: Mie\u015bci si\u0119 w prostok\u0105cie. Grzbiet prosty. Odleg\u0142o\u015b\u0107 od k\u0142\u0119bu do nasady ogona jest nieco wi\u0119ksza ni\u017c wysoko\u015b\u0107 psa w k\u0142\u0119bie. L\u0119d\u017awie powinny by\u0107 silne, kr\u00f3tkie i mocno umi\u0119\u015bnione. Klatka piersiowa raczej g\u0142\u0119bsza ni\u017c szersza, z dobrym prze\u015bwitem od pod\u0142o\u017ca. Mostek znajduje si\u0119 w po\u0142owie wysoko\u015bci psa mierzonej od k\u0142\u0119bu do ziemi. \u017bebra winny by\u0107 dobrze uwypuklone od swej nasady, przy kr\u0119gos\u0142upie. Na bokach sp\u0142aszczaj\u0105 si\u0119 tak, \u017ce chwyciwszy za \u0142okciami psa w obie d\u0142onie mo\u017cemy go obj\u0105\u0107. Obw\u00f3d powinien wynosi\u0107 w przybli\u017ceniu 40 \u2013 43 cm. R\u0119koje\u015b\u0107 mostka ( przedpiersie ) uwypuklone tak, ze znajduje si\u0119 wyra\u017anie przed stawem barkowym. <\/p>\n\n\n\n<p>OGON: W spoczynku mo\u017ce opada\u0107. Gdy pies jest w ruchu winien si\u0119 unosi\u0107. W przypadku gdy zosta\u0142 skr\u00f3cony, jego koniuszek ma znajdowa\u0107 si\u0119 na poziomie wysoko\u015bci uszu. KO\u0143CZYNY: Ko\u0144czyny przednie: \u0141opatki dobrze pochylone ku ty\u0142owi, nieprzesadnie umi\u0119\u015bnione. Jako ca\u0142o\u015b\u0107 ko\u0144czyny od \u0142okci po ziemi\u0119 proste, niezale\u017cnie czy ogl\u0105damy je od przodu, czy z boku. Ramiona dostatecznie d\u0142ugie i k\u0105towane tak by \u0142okcie znajdowa\u0142y si\u0119 pod tu\u0142owiem. Ko\u0144czyny tylne silne i muskularne, w odpowiedniej proporcji do masy cia\u0142a w \u0142opatkach. (Ty\u0142 pasuje do przodu \u2013 nota t\u0142umacza). Stawy kolanowe dobrze k\u0105towane. \u015ar\u00f3dstopia w swobodnej postawie, ogl\u0105dane od ty\u0142u s\u0105 r\u00f3wnoleg\u0142e. Stawy skokowe nisko po\u0142o\u017cone. \u0141apy okr\u0105g\u0142e, o twardych opuszkach, niedu\u017ce, nie kieruj\u0105 si\u0119 na zewn\u0105trz, ani do wewn\u0105trz. Palce \u015brednio wysklepione. <\/p>\n\n\n\n<p>RUCH: Harmonijny, swobodny i spr\u0119\u017cysty. OKRYWA W\u0141OSOWA: Sier\u015b\u0107 mo\u017ce by\u0107 g\u0142adka, szorstka lub drutowata. Odporna na wp\u0142ywy atmosferyczne. Nie mo\u017ce by\u0107 korygowana (skubana) aby nada\u0107 psy wygl\u0105d g\u0142adkow\u0142osego lub o w\u0142osie drutowatym. Umaszczenie bia\u0142e MUSI dominowa\u0107, ze znaczeniami czarno podpalanymi, czarnymi lub rudymi. Te mog\u0105 by\u0107 od jasnop\u0142owych, po bardziej intensywne, kasztanowe. <\/p>\n\n\n\n<p>WZROST I WAGA: Wzrost: idealny: 25 \u2013 30 cm. Waga: na ka\u017cde 5 cm wysoko\u015bci powinien przypada\u0107 1 kg masy cia\u0142a. Pies o wzro\u015bcie 25 cm powinien wa\u017cy\u0107 ok. 5 kg. Pies o wzro\u015bcie 30 cm odpowiednio 6 kg. <\/p>\n\n\n\n<p>WADY: Wszelkie odst\u0119pstwa od powy\u017cszego standardu s\u0105 traktowane jako wady i ocenia si\u0119 je w zale\u017cno\u015bci od ich stopnia oraz wp\u0142ywu na zdrowie i dobrostan psa, oraz zdolno\u015b\u0107 wykonywania pracy, do kt\u00f3rej by\u0142 przeznaczony. Do powa\u017cnych wad zaliczy\u0107 nale\u017cy: \u2013 brak typu teriera; \u2013 brak harmonii, niedostatek, lub przesada w odniesieniu do kt\u00f3regokolwiek z punkt\u00f3w wzorca; \u2013 ma\u0142o wydajny, b\u0105d\u017a wadliwy ruch; \u2013 nieprawid\u0142owe uz\u0119bienie. <\/p>\n\n\n\n<p>WADY DYSKWALIFIKUJ\u0104CE: \u2013 agresja lub wyra\u017ana l\u0119kliwo\u015b\u0107 \u2013 psy o widocznych wadach fizycznych, lub odchyleniach psychicznych powinny by\u0107 dyskwalifikowane.<\/p>\n\n\n\n<p> UWAGA: Samce musz\u0105 mie\u0107 normalnie rozwini\u0119te dwa j\u0105dra umieszczone w mosznie.<\/p>\n\n\n\n<figure class=\"wp-block-gallery has-nested-images columns-default is-cropped wp-block-gallery-1 is-layout-flex wp-block-gallery-is-layout-flex\">\n<figure class=\"wp-block-image\"><img loading=\"lazy\" decoding=\"async\" width=\"340\" height=\"148\" data-id=\"203\" src=\"https:\/\/jackrussell-dagobah.pl\/wp-content\/uploads\/2019\/08\/images-1-1.jpeg\" alt=\"\" class=\"wp-image-203\" srcset=\"https:\/\/jackrussell-dagobah.pl\/wp-content\/uploads\/2019\/08\/images-1-1.jpeg 340w, https:\/\/jackrussell-dagobah.pl\/wp-content\/uploads\/2019\/08\/images-1-1-300x131.jpeg 300w, https:\/\/jackrussell-dagobah.pl\/wp-content\/uploads\/2019\/08\/images-1-1-1x1.jpeg 1w\" sizes=\"auto, (max-width: 340px) 100vw, 340px\" \/><\/figure>\n<\/figure>\n\n\n\n<div class=\"wp-block-file\"><a href=\"https:\/\/jackrussell-dagobah.pl\/wp-content\/uploads\/2019\/08\/345-2.pdf\">345 (2)<\/a><a href=\"https:\/\/jackrussell-dagobah.pl\/wp-content\/uploads\/2019\/08\/345-2.pdf\" class=\"wp-block-file__button wp-element-button\" download>T\u00e9l\u00e9charger<\/a><\/div>\n","protected":false},"excerpt":{"rendered":"<p>Wzorzec FCI nr 345 \/5.12.2012\/F\/D\/GB JACK RUSSELL TERRIER Pochodzenie: Wielka Brytania Kraj utworzenia rasy: Australia Data publikacji obowi\u0105zuj\u0105cego wzorca: 08.10.2012 U\u017cytkowo\u015b\u0107: terier pracuj\u0105cy, nadaj\u0105cy si\u0119 do norowania. Doskona\u0142y jako pies do towarzystwa. Klasyfikacja FCI: grupa 3 teriery sekcja 2 teriery ma\u0142e Pr\u00f3by pracy uznaniowe KR\u00d3TKI RYS HISTORYCZNY: Jack Russell teriery wywodz\u0105 si\u0119 z Anglii. Rasa powsta\u0142a dzi\u0119ki zabiegom czcigodnego Johna Russell. W XIX wieku hodowa\u0142 on i udoskonala\u0142 lini\u0119 foksterier\u00f3w, kt\u00f3re na polowaniach bieg\u0142y obok foxhound\u00f3w, wchodzi\u0142y pod ziemi\u0119, wyp\u0119dza\u0142y lisy i inn\u0105 zwierzyn\u0119 z ich nor lub kryj\u00f3wek. Powsta\u0142y dwie odmiany ps\u00f3w o zasadniczo podobnym wzorcu z wyj\u0105tkiem pewnych r\u00f3\u017cnic dotycz\u0105cych wzrostu i proporcji og\u00f3lnych. Wy\u017cszy pies, o obrysie zbli\u017conym do kwadratu jest znany obecnie jako Parson Russell Terrier, za\u015b mniejszy o nieco wyd\u0142u\u017conej sylwetce nazwany zosta\u0142 Jack Russell terierem. WRA\u017bENIE OG\u00d3LNE: Mocny, energiczny i zwinny terier o silnej osobowo\u015bci. Jego gibkie cia\u0142o jest \u015bredniej d\u0142ugo\u015bci. Wyraz zapa\u0142u, w\u0142a\u015bciwa mu gorliwo\u015b\u0107 \u0142\u0105cz\u0105 si\u0119 z bystro\u015bci\u0105 jego ruch\u00f3w. Ogon mo\u017ce by\u0107 przycinany, lub nie. Sier\u015b\u0107 g\u0142adka, szorstka lub drutowata. WA\u017bNE PROPORCJE: \u2013 og\u00f3lnie pies jest d\u0142u\u017cszy ni\u017c wy\u017cszy; \u2013 g\u0142\u0119boko\u015b\u0107 klatki piersiowej mierzona od k\u0142\u0119bu do mostka jest r\u00f3wna d\u0142ugo\u015bci ko\u0144czyn przednich, od \u0142okci do ziemi; \u2013 obw\u00f3d klatki piersiowej chwyconej za \u0142okciami ma wynosi\u0107 ok. 40 \u2013 43 cm. CHARAKTER: Terier o \u017cywym usposobieniu, czujny, ruchliwy, inteligentny, pe\u0142en temperamentu. Odwa\u017cny, nieustraszony, przyjazny przy spokojnej pewno\u015bci siebie. G\u0141OWA: M\u00f3zgoczaszka powinna by\u0107 p\u0142aska, umiarkowanej szeroko\u015bci, stopniowo zw\u0119\u017caj\u0105ca si\u0119 ku oczom, a nast\u0119pnie ku kufie o dobrej obj\u0119to\u015bci. Stop: dobrze zaznaczony, ale nie za wydatny. Trzewioczaszka: Trufla nosowa czarna. Kufa: mierzona od nosa do stopu powinna by\u0107 nieco kr\u00f3tsza ni\u017c m\u00f3zgoczaszka (odleg\u0142o\u015b\u0107 od stopu do guza potylicznego). Wargi dobrze przylegaj\u0105ce o czarnej pigmentacji. Uz\u0119bienie: szcz\u0119ka i \u017cuchwa bardzo mocne, g\u0142\u0119bokie, szerokie o du\u017cej sile chwytu. Z\u0119by mocne. Zgryz no\u017cycowy. Oczy ma\u0142e, kszta\u0142tu migda\u0142a o bystrym, przeszywaj\u0105cym spojrzeniu. NIE MOG\u0104 BY\u0106 wy\u0142upiaste, powieki maj\u0105 \u015bci\u015ble przylega\u0107 do ga\u0142ki ocznej. Ich brzegi s\u0105 czarno pigmentowane. Uszy bardzo ruchliwe, j\u0119drne, guzikowate lub opadaj\u0105ce. Policzki o dobrze zaznaczonej muskulaturze. SZYJA: Silna o czystym obrysie. Umo\u017cliwia swobodne noszenie g\u0142owy. TU\u0141\u00d3W: Mie\u015bci si\u0119 w prostok\u0105cie. Grzbiet prosty. Odleg\u0142o\u015b\u0107 od k\u0142\u0119bu do nasady ogona jest nieco wi\u0119ksza ni\u017c wysoko\u015b\u0107 psa w k\u0142\u0119bie. L\u0119d\u017awie powinny by\u0107 silne, kr\u00f3tkie i mocno umi\u0119\u015bnione. Klatka piersiowa raczej g\u0142\u0119bsza ni\u017c szersza, z dobrym prze\u015bwitem od pod\u0142o\u017ca. Mostek znajduje si\u0119 w po\u0142owie wysoko\u015bci psa mierzonej od k\u0142\u0119bu do ziemi. \u017bebra winny by\u0107 dobrze uwypuklone od swej nasady, przy kr\u0119gos\u0142upie. Na bokach sp\u0142aszczaj\u0105 si\u0119 tak, \u017ce chwyciwszy za \u0142okciami psa w obie d\u0142onie mo\u017cemy go obj\u0105\u0107. Obw\u00f3d powinien wynosi\u0107 w przybli\u017ceniu 40 \u2013 43 cm. R\u0119koje\u015b\u0107 mostka ( przedpiersie ) uwypuklone tak, ze znajduje si\u0119 wyra\u017anie przed stawem barkowym. OGON: W spoczynku mo\u017ce opada\u0107. Gdy pies jest w ruchu winien si\u0119 unosi\u0107. W przypadku gdy zosta\u0142 skr\u00f3cony, jego koniuszek ma znajdowa\u0107 si\u0119 na poziomie wysoko\u015bci uszu. KO\u0143CZYNY: Ko\u0144czyny przednie: \u0141opatki dobrze pochylone ku ty\u0142owi, nieprzesadnie umi\u0119\u015bnione. Jako ca\u0142o\u015b\u0107 ko\u0144czyny od \u0142okci po ziemi\u0119 proste, niezale\u017cnie czy ogl\u0105damy je od przodu, czy z boku. Ramiona dostatecznie d\u0142ugie i k\u0105towane tak by \u0142okcie znajdowa\u0142y si\u0119 pod tu\u0142owiem. Ko\u0144czyny tylne silne i muskularne, w odpowiedniej proporcji do masy cia\u0142a w \u0142opatkach. (Ty\u0142 pasuje do przodu \u2013 nota t\u0142umacza). Stawy kolanowe dobrze k\u0105towane. \u015ar\u00f3dstopia w swobodnej postawie, ogl\u0105dane od ty\u0142u s\u0105 r\u00f3wnoleg\u0142e. Stawy skokowe nisko po\u0142o\u017cone. \u0141apy okr\u0105g\u0142e, o twardych opuszkach, niedu\u017ce, nie kieruj\u0105 si\u0119 na zewn\u0105trz, ani do wewn\u0105trz. Palce \u015brednio wysklepione. RUCH: Harmonijny, swobodny i spr\u0119\u017cysty. OKRYWA W\u0141OSOWA: Sier\u015b\u0107 mo\u017ce by\u0107 g\u0142adka, szorstka lub drutowata. Odporna na wp\u0142ywy atmosferyczne. Nie mo\u017ce by\u0107 korygowana (skubana) aby nada\u0107 psy wygl\u0105d g\u0142adkow\u0142osego lub o w\u0142osie drutowatym. Umaszczenie bia\u0142e MUSI dominowa\u0107, ze znaczeniami czarno podpalanymi, czarnymi lub rudymi. Te mog\u0105 by\u0107 od jasnop\u0142owych, po bardziej intensywne, kasztanowe. WZROST I WAGA: Wzrost: idealny: 25 \u2013 30 cm. Waga: na ka\u017cde 5 cm wysoko\u015bci powinien przypada\u0107 1 kg masy cia\u0142a. Pies o wzro\u015bcie 25 cm powinien wa\u017cy\u0107 ok. 5 kg. Pies o wzro\u015bcie 30 cm odpowiednio 6 kg. WADY: Wszelkie odst\u0119pstwa od powy\u017cszego standardu s\u0105 traktowane jako wady i ocenia si\u0119 je w zale\u017cno\u015bci od ich stopnia oraz wp\u0142ywu na zdrowie i dobrostan psa, oraz zdolno\u015b\u0107 wykonywania pracy, do kt\u00f3rej by\u0142 przeznaczony. Do powa\u017cnych wad zaliczy\u0107 nale\u017cy: \u2013 brak typu teriera; \u2013 brak harmonii, niedostatek, lub przesada w odniesieniu do kt\u00f3regokolwiek z punkt\u00f3w wzorca; \u2013 ma\u0142o wydajny, b\u0105d\u017a wadliwy ruch; \u2013 nieprawid\u0142owe uz\u0119bienie. WADY DYSKWALIFIKUJ\u0104CE: \u2013 agresja lub wyra\u017ana l\u0119kliwo\u015b\u0107 \u2013 psy o widocznych wadach fizycznych, lub odchyleniach psychicznych powinny by\u0107 dyskwalifikowane. UWAGA: Samce musz\u0105 mie\u0107 normalnie rozwini\u0119te dwa j\u0105dra umieszczone w mosznie.<\/p>\n","protected":false},"author":1,"featured_media":0,"parent":0,"menu_order":0,"comment_status":"closed","ping_status":"closed","template":"","meta":{"footnotes":""},"class_list":["post-140","page","type-page","status-publish","hentry"],"_links":{"self":[{"href":"https:\/\/jackrussell-dagobah.pl\/index.php?rest_route=\/wp\/v2\/pages\/140","targetHints":{"allow":["GET"]}}],"collection":[{"href":"https:\/\/jackrussell-dagobah.pl\/index.php?rest_route=\/wp\/v2\/pages"}],"about":[{"href":"https:\/\/jackrussell-dagobah.pl\/index.php?rest_route=\/wp\/v2\/types\/page"}],"author":[{"embeddable":true,"href":"https:\/\/jackrussell-dagobah.pl\/index.php?rest_route=\/wp\/v2\/users\/1"}],"replies":[{"embeddable":true,"href":"https:\/\/jackrussell-dagobah.pl\/index.php?rest_route=%2Fwp%2Fv2%2Fcomments&post=140"}],"version-history":[{"count":9,"href":"https:\/\/jackrussell-dagobah.pl\/index.php?rest_route=\/wp\/v2\/pages\/140\/revisions"}],"predecessor-version":[{"id":828,"href":"https:\/\/jackrussell-dagobah.pl\/index.php?rest_route=\/wp\/v2\/pages\/140\/revisions\/828"}],"wp:attachment":[{"href":"https:\/\/jackrussell-dagobah.pl\/index.php?rest_route=%2Fwp%2Fv2%2Fmedia&parent=140"}],"curies":[{"name":"wp","href":"https:\/\/api.w.org\/{rel}","templated":true}]}}